{"id":512,"date":"2021-07-27T20:11:07","date_gmt":"2021-07-27T20:11:07","guid":{"rendered":"https:\/\/webredox.net\/demo\/wp\/stukram\/dark\/?page_id=512"},"modified":"2026-04-14T14:07:21","modified_gmt":"2026-04-14T14:07:21","slug":"about","status":"publish","type":"page","link":"https:\/\/oliviaho.com\/fr\/about\/","title":{"rendered":"\u00c0 propos de moi"},"content":{"rendered":"<div class=\"clear\"><\/div><section class=\"full-width-section wr-section-full-width\" ><div class=\"block-wrapper\"><div data-anim-wrap class=\"section-wrapper\"><div data-anim-wrap class=\"row-layout row-off\"><div class=\"wpb_column vc_column_container vc_col-sm-12\"><div class=\"vc_column-inner\"><div class=\"wpb_wrapper\"><div class=\"sec-image\"><div class=\"custom-img\"><div data-parallax=\"0.7\" class=\"h-80vh\"><div data-parallax-target class=\"bg-image js-lazy\" data-bg=\"https:\/\/oliviaho.com\/wp-content\/uploads\/2022\/03\/SayHello.gif\"><\/div><\/div><\/div><\/div><\/div><\/div><\/div><\/div><\/div><\/div><\/section><div class=\"clear\"><\/div><div class=\"clear\"><\/div><section class=\"full-width-section\" ><div class=\"block-wrapper layout-pt-xs  layout-pb-xl\"><div data-anim-wrap class=\"section-wrapper container\"><div data-anim-wrap class=\"row-layout  row\" data-anim-child=\"slide-up \"><div class=\"wpb_column vc_column_container vc_col-sm-12\"><div class=\"vc_column-inner\"><div class=\"wpb_wrapper\"><div class=\"sec-title  float-center\"><div data-anim=\"slide-up delay-3\" class=\"recognition\"><h4 class=\"text-xl fw-500 tracking-none\" style=\"\">\u201c La simplicit\u00e9 est l'ultime sophistication. \u201d \u2013 L\u00e9onard de Vinci<\/h4><\/div><\/div><\/div><\/div><\/div><\/div><\/div><\/div><\/section><div class=\"clear\"><\/div><div class=\"clear\"><\/div><section class=\"full-width-section\"  data-parallax=\"0.7\"><div class=\"block-wrapper layout-pt-xl  layout-pb-xl\" style='background-color:#7c6556;'><div data-anim-wrap class=\"section-wrapper container\"><div data-anim-wrap class=\"row-layout  row  align-items-center\" data-anim-child=\"slide-up delay-3\"><div class=\"wpb_column vc_column_container vc_col-sm-4\"><div class=\"vc_column-inner\"><div class=\"wpb_wrapper\"><div class=\"sec-image\"><img decoding=\"async\" src=\"https:\/\/oliviaho.com\/wp-content\/uploads\/2023\/05\/OliviaHo_profile.png\" style=\"float:left;\" alt=\"OliviaHo_profile\" class=\"img-responsive\"\/><\/div><\/div><\/div><\/div><div class=\"wpb_column vc_column_container vc_col-sm-8\"><div class=\"vc_column-inner\"><div class=\"wpb_wrapper\"><div class=\"sec-heading\"><div class=\"sectionHeading -md\"><h2 class=\"sectionHeading__title  text-black\" style=\"\">Fa\u00e7onner des r\u00e9cits qui marquent.<\/h2><\/div><\/div><div class=\"sec-heading\"><div class=\"sectionHeading -md\"><p class=\"mt-20 text-black\" style=\"\">Je suis un leader cr\u00e9atif ax\u00e9 sur le fa\u00e7onnement d'id\u00e9es qui r\u00e9sonnent au-del\u00e0 de l'ex\u00e9cution. Mon approche allie concept, direction artistique et strat\u00e9gie pour cr\u00e9er des projets qui connectent vraiment avec les gens.<\/p><\/div><\/div><div class=\"sec-heading\"><div class=\"sectionHeading -md\"><p class=\"mt-20 text-black\" style=\"\">Ce qui me motive est simple : pousser le travail plus loin. Trouver l\u2019angle inattendu. Cr\u00e9er des id\u00e9es dont les gens se souviennent et auxquelles les clients adh\u00e8rent.<\/p><\/div><\/div><div class=\"sec-heading\"><div class=\"sectionHeading -md\"><p class=\"mt-20 text-black\" style=\"\">J\u2019ai dirig\u00e9 des campagnes globales, d\u00e9fini des plateformes de marque et accompagn\u00e9 des \u00e9quipes multidisciplinaires pour donner vie aux id\u00e9es \u00e0 chaque point de contact \u2014 des productions d\u2019envergure jusqu'aux \u00e9cosyst\u00e8mes num\u00e9riques. Je suis particuli\u00e8rement motiv\u00e9e par la cr\u00e9ation de visions cr\u00e9atives fortes et par leur int\u00e9grit\u00e9, du concept jusqu\u2019\u00e0 l\u2019ex\u00e9cution.<\/p><\/div><\/div><\/div><\/div><\/div><\/div><\/div><\/div><\/section><div class=\"clear\"><\/div><div class=\"clear\"><\/div><section class=\"full-width-section\" ><div class=\"block-wrapper layout-pt-lg\"><div data-anim-wrap class=\"section-wrapper container\"><div data-anim-wrap class=\"row-layout  row\" data-anim-child=\"slide-up delay-2\"><div class=\"wpb_column vc_column_container vc_col-sm-8\"><div class=\"vc_column-inner\"><div class=\"wpb_wrapper\"><div class=\"sec-heading\"><div class=\"sectionHeading -md\"><h2 class=\"sectionHeading__title  text-black\" style=\"\">Mon exp\u00e9rience<\/h2><p class=\"mt-20 text-black\" style=\"\">J'ai eu le plaisir de travailler sur des campagnes locales et internationales pour une myriade de secteurs et d'industries. Ceux-ci comprennent : le divertissement, l'alimentation et les boissons, la sant\u00e9 et le bien-\u00eatre, la finance, la mode, l'environnement, l'agriculture et l'\u00e9ducation.<\/p><\/div><\/div><\/div><\/div><\/div><div class=\"wpb_column vc_column_container vc_col-sm-4\"><div class=\"vc_column-inner\"><div class=\"wpb_wrapper\"><\/div><\/div><\/div><\/div><\/div><\/div><\/section><div class=\"clear\"><\/div><div class=\"clear\"><\/div><section class=\"full-width-section\" ><div class=\"block-wrapper   layout-pb-lg\"><div data-anim-wrap class=\"section-wrapper container\"><div data-anim-wrap class=\"row-layout  row y-gap-32 layout-pt-md\" data-anim-child=\"slide-up delay-2\"><div class=\"wpb_column vc_column_container vc_col-sm-12\"><div class=\"vc_column-inner\"><div class=\"wpb_wrapper\"><div class=\"vc_row wpb_row vc_inner vc_row-fluid\"><div class=\"wpb_column vc_column_container vc_col-sm-3\"><div class=\"vc_column-inner\"><div class=\"wpb_wrapper\"><div class=\"sec-partner\"><div data-anim=\"slide-up delay-1\" class=\"clientsItem -hover -light ratio ratio-3:2 border-light rounded-4\"><div class=\"clientsItem__img\"><img decoding=\"async\" src=\"https:\/\/oliviaho.com\/wp-content\/uploads\/2026\/04\/01Campaigns-FR3.png\" alt=\"01Campaign@2x\" class=\"col-7\"\/><\/div><\/div><\/div><\/div><\/div><\/div><div class=\"wpb_column vc_column_container vc_col-sm-3\"><div class=\"vc_column-inner\"><div class=\"wpb_wrapper\"><div class=\"sec-partner\"><div data-anim=\"slide-up delay-1\" class=\"clientsItem -hover -light ratio ratio-3:2 border-light rounded-4\"><div class=\"clientsItem__img\"><img decoding=\"async\" src=\"https:\/\/oliviaho.com\/wp-content\/uploads\/2026\/04\/02Identite-FR2.png\" alt=\"02Branding\" class=\"col-7\"\/><\/div><\/div><\/div><\/div><\/div><\/div><div class=\"wpb_column vc_column_container vc_col-sm-3\"><div class=\"vc_column-inner\"><div class=\"wpb_wrapper\"><div class=\"sec-partner\"><div data-anim=\"slide-up delay-1\" class=\"clientsItem -hover -light ratio ratio-3:2 border-light rounded-4\"><div class=\"clientsItem__img\"><img decoding=\"async\" src=\"https:\/\/oliviaho.com\/wp-content\/uploads\/2026\/04\/03DesignGraphique-FR2.png\" alt=\"03Visual\" class=\"col-7\"\/><\/div><\/div><\/div><\/div><\/div><\/div><div class=\"wpb_column vc_column_container vc_col-sm-3\"><div class=\"vc_column-inner\"><div class=\"wpb_wrapper\"><div class=\"sec-partner\"><div data-anim=\"slide-up delay-1\" class=\"clientsItem -hover -light ratio ratio-3:2 border-light rounded-4\"><div class=\"clientsItem__img\"><img decoding=\"async\" src=\"https:\/\/oliviaho.com\/wp-content\/uploads\/2026\/04\/04UI-UXdesign-FR2.png\" alt=\"04UI_UX\" class=\"col-7\"\/><\/div><\/div><\/div><\/div><\/div><\/div><\/div><div class=\"vc_row wpb_row vc_inner vc_row-fluid\"><div class=\"wpb_column vc_column_container vc_col-sm-3\"><div class=\"vc_column-inner\"><div class=\"wpb_wrapper\"><div class=\"sec-partner\"><div data-anim=\"slide-up delay-1\" class=\"clientsItem -hover -light ratio ratio-3:2 border-light rounded-4\"><div class=\"clientsItem__img\"><img decoding=\"async\" src=\"https:\/\/oliviaho.com\/wp-content\/uploads\/2026\/04\/05Emballage-FR2.png\" alt=\"05Packaging\" class=\"col-7\"\/><\/div><\/div><\/div><\/div><\/div><\/div><div class=\"wpb_column vc_column_container vc_col-sm-3\"><div class=\"vc_column-inner\"><div class=\"wpb_wrapper\"><div class=\"sec-partner\"><div data-anim=\"slide-up delay-1\" class=\"clientsItem -hover -light ratio ratio-3:2 border-light rounded-4\"><div class=\"clientsItem__img\"><img decoding=\"async\" src=\"https:\/\/oliviaho.com\/wp-content\/uploads\/2026\/04\/06Experientiel-FR2.png\" alt=\"06Experiential\" class=\"col-7\"\/><\/div><\/div><\/div><\/div><\/div><\/div><div class=\"wpb_column vc_column_container vc_col-sm-3\"><div class=\"vc_column-inner\"><div class=\"wpb_wrapper\"><div class=\"sec-partner\"><div data-anim=\"slide-up delay-1\" class=\"clientsItem -hover -light ratio ratio-3:2 border-light rounded-4\"><div class=\"clientsItem__img\"><img decoding=\"async\" src=\"https:\/\/oliviaho.com\/wp-content\/uploads\/2026\/04\/07ReseauxSociaux-FR2.png\" alt=\"07SocialMedia\" class=\"col-7\"\/><\/div><\/div><\/div><\/div><\/div><\/div><div class=\"wpb_column vc_column_container vc_col-sm-3\"><div class=\"vc_column-inner\"><div class=\"wpb_wrapper\"><div class=\"sec-partner\"><div data-anim=\"slide-up delay-1\" class=\"clientsItem -hover -light ratio ratio-3:2 border-light rounded-4\"><div class=\"clientsItem__img\"><img decoding=\"async\" src=\"https:\/\/oliviaho.com\/wp-content\/uploads\/2026\/04\/08AffichageExt-FR2.png\" alt=\"08ooh\" class=\"col-7\"\/><\/div><\/div><\/div><\/div><\/div><\/div><\/div><\/div><\/div><\/div><\/div><\/div><\/div><\/section><div class=\"clear\"><\/div><div class=\"clear\"><\/div><section class=\"full-width-section\" ><div class=\"block-wrapper layout-pt-md  layout-pb-md\" style='background-color:#7c6556;'><div data-anim-wrap class=\"section-wrapper container\"><div data-anim-wrap class=\"row-layout  row\" data-anim-child=\"slide-up delay-2\"><div class=\"wpb_column vc_column_container vc_col-sm-12\"><div class=\"vc_column-inner\"><div class=\"wpb_wrapper\"><div class=\"vc_row wpb_row vc_inner vc_row-fluid\"><div class=\"wpb_column vc_column_container vc_col-sm-12\"><div class=\"vc_column-inner\"><div class=\"wpb_wrapper\"><div class=\"sec-heading\"><div class=\"sectionHeading -md\"><p class=\"sectionHeading__subtitle -black\" style=\"\">contacter<\/p><h2 class=\"sectionHeading__title  text-black\" style=\"\">Restons en contact<\/h2><\/div><\/div><\/div><\/div><\/div><\/div><div class=\"vc_row wpb_row vc_inner vc_row-fluid\"><div class=\"wpb_column vc_column_container vc_col-sm-12\"><div class=\"vc_column-inner\"><div class=\"wpb_wrapper\"><div class=\"sec-contact-form\"><div class=\"contact-form -type-1 mt-48 sm:mt-32\" style=\"\"><div class=\"custom-form row\">\n<div class=\"wpcf7 no-js\" id=\"wpcf7-f332-o1\" lang=\"en-US\" dir=\"ltr\" data-wpcf7-id=\"332\">\n<div class=\"screen-reader-response\"><p role=\"status\" aria-live=\"polite\" aria-atomic=\"true\"><\/p> <ul><\/ul><\/div>\n<form action=\"\/fr\/wp-json\/wp\/v2\/pages\/512#wpcf7-f332-o1\" method=\"post\" class=\"wpcf7-form init\" aria-label=\"Contact form\" novalidate=\"novalidate\" data-status=\"init\" data-trp-original-action=\"\/fr\/wp-json\/wp\/v2\/pages\/512#wpcf7-f332-o1\">\n<fieldset class=\"hidden-fields-container\"><input type=\"hidden\" name=\"_wpcf7\" value=\"332\" \/><input type=\"hidden\" name=\"_wpcf7_version\" value=\"6.1.5\" \/><input type=\"hidden\" name=\"_wpcf7_locale\" value=\"en_US\" \/><input type=\"hidden\" name=\"_wpcf7_unit_tag\" value=\"wpcf7-f332-o1\" \/><input type=\"hidden\" name=\"_wpcf7_container_post\" value=\"0\" \/><input type=\"hidden\" name=\"_wpcf7_posted_data_hash\" value=\"\" \/><input type=\"hidden\" name=\"_wpcf7_recaptcha_response\" value=\"\" \/>\n<\/fieldset>\n<div class=\"row\" style=\"margin: 0;\">\n\t<div class=\"col-lg-6\">\n\t\t<p><label> Nom<br \/>\n<span class=\"wpcf7-form-control-wrap\" data-name=\"your-name\"><input size=\"40\" maxlength=\"400\" class=\"wpcf7-form-control wpcf7-text wpcf7-validates-as-required\" aria-required=\"true\" aria-invalid=\"false\" placeholder=\"Entrez votre nom*\" value=\"\" type=\"text\" name=\"your-name\" \/><\/span> <\/label>\n\t\t<\/p>\n\t<\/div>\n\t<div class=\"col-lg-6\">\n\t\t<p><label> T\u00e9l\u00e9phone<br \/>\n<span class=\"wpcf7-form-control-wrap\" data-name=\"your-phone\"><input size=\"40\" maxlength=\"400\" class=\"wpcf7-form-control wpcf7-text\" aria-invalid=\"false\" placeholder=\"Entrez votre num\u00e9ro de t\u00e9l\u00e9phone\" value=\"\" type=\"text\" name=\"your-phone\" \/><\/span> <\/label>\n\t\t<\/p>\n\t<\/div>\n\t<div class=\"col-lg-6\">\n\t\t<p><label> Courriel<br \/>\n<span class=\"wpcf7-form-control-wrap\" data-name=\"your-email\"><input size=\"40\" maxlength=\"400\" class=\"wpcf7-form-control wpcf7-email wpcf7-validates-as-required wpcf7-text wpcf7-validates-as-email\" aria-required=\"true\" aria-invalid=\"false\" placeholder=\"Entrez votre e-mail*\" value=\"\" type=\"email\" name=\"your-email\" \/><\/span> <\/label>\n\t\t<\/p>\n\t<\/div>\n\t<div class=\"col-lg-6\">\n\t\t<p><label> Sujet<br \/>\n<span class=\"wpcf7-form-control-wrap\" data-name=\"your-subject\"><input size=\"40\" maxlength=\"400\" class=\"wpcf7-form-control wpcf7-text\" aria-invalid=\"false\" placeholder=\"De quoi voulez-vous parler ?\" value=\"\" type=\"text\" name=\"your-subject\" \/><\/span> <\/label>\n\t\t<\/p>\n\t<\/div>\n\t<div class=\"col-12\">\n\t\t<p><label> Message<br \/>\n<span class=\"wpcf7-form-control-wrap\" data-name=\"your-message\"><textarea cols=\"40\" rows=\"10\" maxlength=\"2000\" class=\"wpcf7-form-control wpcf7-textarea\" aria-invalid=\"false\" placeholder=\"Tapez votre message*\" name=\"your-message\"><\/textarea><\/span> <\/label>\n\t\t<\/p>\n\t<\/div>\n\t<div class=\"col-12\">\n\t\n\t<\/div>\n\t<div class=\"col-12\">\n\t\t<p><button class=\"button -md -black text-white wpcf7-form-control has-spinner wpcf7-submit\">Envoyer<\/button>\n\t\t<\/p>\n\t<\/div>\n<\/div><div class=\"wpcf7-response-output\" aria-hidden=\"true\"><\/div>\n<input type=\"hidden\" name=\"trp-form-language\" value=\"fr\"\/><\/form>\n<\/div>\n<\/div><\/div><\/div><\/div><\/div><\/div><\/div><\/div><\/div><\/div><\/div><\/div><\/div><\/section><div class=\"clear\"><\/div>","protected":false},"excerpt":{"rendered":"\u201cSimplicity is the ultimate sophistication.\u201d \u2013 Leonardo da VinciShaping stories that resonate\u2014and endure.I\u2019m a creative leader focused on shaping ideas that resonate...","protected":false},"author":1,"featured_media":0,"parent":0,"menu_order":2,"comment_status":"closed","ping_status":"closed","template":"","meta":{"footnotes":""},"class_list":["post-512","page","type-page","status-publish","hentry"],"aioseo_notices":[],"_links":{"self":[{"href":"https:\/\/oliviaho.com\/fr\/wp-json\/wp\/v2\/pages\/512","targetHints":{"allow":["GET"]}}],"collection":[{"href":"https:\/\/oliviaho.com\/fr\/wp-json\/wp\/v2\/pages"}],"about":[{"href":"https:\/\/oliviaho.com\/fr\/wp-json\/wp\/v2\/types\/page"}],"author":[{"embeddable":true,"href":"https:\/\/oliviaho.com\/fr\/wp-json\/wp\/v2\/users\/1"}],"replies":[{"embeddable":true,"href":"https:\/\/oliviaho.com\/fr\/wp-json\/wp\/v2\/comments?post=512"}],"version-history":[{"count":56,"href":"https:\/\/oliviaho.com\/fr\/wp-json\/wp\/v2\/pages\/512\/revisions"}],"predecessor-version":[{"id":1152,"href":"https:\/\/oliviaho.com\/fr\/wp-json\/wp\/v2\/pages\/512\/revisions\/1152"}],"wp:attachment":[{"href":"https:\/\/oliviaho.com\/fr\/wp-json\/wp\/v2\/media?parent=512"}],"curies":[{"name":"wp","href":"https:\/\/api.w.org\/{rel}","templated":true}]}}