{"id":45,"date":"2021-05-17T09:53:17","date_gmt":"2021-05-17T09:53:17","guid":{"rendered":"https:\/\/webredox.net\/demo\/wp\/stukram\/light\/?page_id=45"},"modified":"2026-04-10T17:14:03","modified_gmt":"2026-04-10T17:14:03","slug":"home-2","status":"publish","type":"page","link":"https:\/\/oliviaho.com\/fr\/","title":{"rendered":"Accueil"},"content":{"rendered":"<div class=\"clear\"><\/div><section class=\"full-width-section\" ><div class=\"block-wrapper layout-pt-xl\"><div data-anim-wrap class=\"section-wrapper container\"><div data-anim-wrap class=\"row-layout  row\"><div class=\"wpb_column vc_column_container vc_col-sm-1\"><div class=\"vc_column-inner\"><div class=\"wpb_wrapper\"><\/div><\/div><\/div><div class=\"wpb_column vc_column_container vc_col-sm-11\"><div class=\"vc_column-inner\"><div class=\"wpb_wrapper\"><div class=\"sec-heading   float-left\"><div class=\"sectionHeading -lg\"><p class=\"sectionHeading__subtitle -black\" style=\"\">\u00c0 propos de moi<\/p><h2 class=\"sectionHeading__title  text-black\" style=\"\">J'aide les marques \u00e0 trouver leur voix et le courage de l'utiliser.<\/h2><\/div><\/div><\/div><\/div><\/div><\/div><\/div><\/div><\/section><div class=\"clear\"><\/div><div class=\"clear\"><\/div><section class=\"full-width-section\" ><div class=\"block-wrapper\"><div data-anim-wrap class=\"section-wrapper container\"><div data-anim-wrap class=\"row-layout  row y-gap-32 layout-pt-md\"><div class=\"wpb_column vc_column_container vc_col-sm-1\"><div class=\"vc_column-inner\"><div class=\"wpb_wrapper\"><\/div><\/div><\/div><div class=\"wpb_column vc_column_container vc_col-sm-5\"><div class=\"vc_column-inner\"><div class=\"wpb_wrapper\"><div class=\"sec-title  float-left\"><h4 class=\"text-xl fw-600\" style=\"\">Sans ego. Les id\u00e9es priment.<\/h4><p class=\"mt-16 text-lg\" style=\"\">Le grand travail n\u2019est jamais un solo. Il na\u00eet d\u2019une strat\u00e9gie claire, d\u2019une \u00e9quipe forte et d\u2019une direction artistique sans compromis. La meilleure id\u00e9e l\u2019emporte, peu importe son origine.<\/p><\/div><\/div><\/div><\/div><div class=\"wpb_column vc_column_container vc_col-sm-5\"><div class=\"vc_column-inner\"><div class=\"wpb_wrapper\"><div class=\"sec-title  float-left\"><h4 class=\"text-xl fw-600\" style=\"\">La qualit\u00e9 avant tout<\/h4><p class=\"mt-16 text-lg\" style=\"\">Dans un secteur en constante \u00e9volution, ma motivation est simple : le travail. Je m'engage dans l'ex\u00e9cution de haut niveau et la pens\u00e9e strat\u00e9gique qui transforment une bonne id\u00e9e en une excellente.<\/p><\/div><\/div><\/div><\/div><div class=\"wpb_column vc_column_container vc_col-sm-1\"><div class=\"vc_column-inner\"><div class=\"wpb_wrapper\"><\/div><\/div><\/div><\/div><\/div><\/div><\/section><div class=\"clear\"><\/div><div class=\"clear\"><\/div><section class=\"full-width-section\" ><div class=\"block-wrapper   layout-pb-xs\"><div data-anim-wrap class=\"section-wrapper container\"><div data-anim-wrap class=\"row-layout  row x-gap-48 y-gap-40 layout-pt-sm align-items-end justify-content-between\"><div class=\"wpb_column vc_column_container vc_col-sm-1\"><div class=\"vc_column-inner\"><div class=\"wpb_wrapper\"><\/div><\/div><\/div><div class=\"wpb_column vc_column_container vc_col-sm-11\"><div class=\"vc_column-inner\"><div class=\"wpb_wrapper\"><div class=\"sec-button  left\"><div class=\"custom-mr-pd\"\"><a href=\"https:\/\/oliviaho.com\/fr\/about\/\" class=\"button -md -outline-white text-white\">Plus \u00e0 propos de moi<\/a><\/div><\/div><\/div><\/div><\/div><\/div><\/div><\/div><\/section><div class=\"clear\"><\/div><div class=\"clear\"><\/div><section class=\"full-width-section\" ><div class=\"block-wrapper layout-pt-xl  layout-pb-sm\"><div data-anim-wrap class=\"section-wrapper container-wide\"><div data-anim-wrap class=\"row-layout  row  justify-content-center\"><div class=\"wpb_column vc_column_container vc_col-sm-1\"><div class=\"vc_column-inner\"><div class=\"wpb_wrapper\"><\/div><\/div><\/div><div class=\"wpb_column vc_column_container vc_col-sm-5\"><div class=\"vc_column-inner\"><div class=\"wpb_wrapper\"><div class=\"sec-heading   float-left\"><div class=\"sectionHeading -lg\"><h2 class=\"sectionHeading__title  text-black\" style=\"\">\u00c9tudes de cas<\/h2><\/div><\/div><\/div><\/div><\/div><div class=\"wpb_column vc_column_container vc_col-sm-5\"><div class=\"vc_column-inner\"><div class=\"wpb_wrapper\"><div class=\"sec-button  right\"><div class=\"custom-mr-pd\"style=\"margin:10px 0px 0px 0px\"\"><a href=\"http:\/\/oliviaho.com\/fr\/case-studies\/\" class=\"button -md -outline-white text-white\">Voir tous les cas<\/a><\/div><\/div><\/div><\/div><\/div><div class=\"wpb_column vc_column_container vc_col-sm-1\"><div class=\"vc_column-inner\"><div class=\"wpb_wrapper\"><\/div><\/div><\/div><\/div><\/div><\/div><\/section><div class=\"clear\"><\/div><div class=\"clear\"><\/div><section class=\"full-width-section\" ><div class=\"block-wrapper   layout-pb-lg\"><div data-anim-wrap class=\"section-wrapper container-wide\"><div data-anim-wrap class=\"row-layout  row\"><div class=\"wpb_column vc_column_container vc_col-sm-1\"><div class=\"vc_column-inner\"><div class=\"wpb_wrapper\"><\/div><\/div><\/div><div class=\"wpb_column vc_column_container vc_col-sm-10\"><div class=\"vc_column-inner\"><div class=\"wpb_wrapper\"><div class=\"sec-port-vc\"><div class=\"masonry -col-4  js-masonry js-masonry-no-filter\"><div class=\"masonry__sizer\"><\/div><div class=\"masonry__item -long\"><div class=\"portfolioCard -type-2 -hover ratio\"><div class=\"portfolioCard__img\"><div class=\"portfolioCard__img__inner\" data-anim=\"img-right -cover-dark-1\"><div class=\"bg-image js-lazy\" data-bg=\"https:\/\/oliviaho.com\/wp-content\/uploads\/2026\/04\/7977J_LUD_Keyvisual_Visual1_24x36in_vignette.jpg\"><\/div><\/div><\/div><div class=\"portfolioCard__content\"><p class=\"portfolioCard__category text-light mb-8\"><span class=\"cat-divider\">Campagne 360 degr\u00e9s  <\/span><\/p><h3 class=\"portfolioCard__title text-2xl fw-600 text-white\">Cirque du Soleil LUDO<\/h3><\/div><a class=\"portfolioCard__link\" data-barba href=\"https:\/\/oliviaho.com\/fr\/portfolio\/cirque-ludo\/\"><\/a><\/div><\/div><div class=\"masonry__item -long\"><div class=\"portfolioCard -type-2 -hover ratio\"><div class=\"portfolioCard__img\"><div class=\"portfolioCard__img__inner\" data-anim=\"img-right -cover-dark-1\"><div class=\"bg-image js-lazy\" data-bg=\"https:\/\/oliviaho.com\/wp-content\/uploads\/2021\/05\/Boswell_branding.jpg\"><\/div><\/div><\/div><div class=\"portfolioCard__content\"><p class=\"portfolioCard__category text-light mb-8\"><span class=\"cat-divider\">Identit\u00e9  <\/span><\/p><h3 class=\"portfolioCard__title text-2xl fw-600 text-white\">Brasserie Boswell<\/h3><\/div><a class=\"portfolioCard__link\" data-barba href=\"https:\/\/oliviaho.com\/fr\/portfolio\/boswellidentity\/\"><\/a><\/div><\/div><div class=\"masonry__item -long\"><div class=\"portfolioCard -type-2 -hover ratio\"><div class=\"portfolioCard__img\"><div class=\"portfolioCard__img__inner\" data-anim=\"img-right -cover-dark-1\"><div class=\"bg-image js-lazy\" data-bg=\"https:\/\/oliviaho.com\/wp-content\/uploads\/2023\/05\/CDS_BF_Social.jpg\"><\/div><\/div><\/div><div class=\"portfolioCard__content\"><p class=\"portfolioCard__category text-light mb-8\"><span class=\"cat-divider\">Campagne num\u00e9rique  <\/span><\/p><h3 class=\"portfolioCard__title text-2xl fw-600 text-white\">Cirque Black Friday<\/h3><\/div><a class=\"portfolioCard__link\" data-barba href=\"https:\/\/oliviaho.com\/fr\/portfolio\/cirque-black-friday\/\"><\/a><\/div><\/div><div class=\"masonry__item -long\"><div class=\"portfolioCard -type-2 -hover ratio\"><div class=\"portfolioCard__img\"><div class=\"portfolioCard__img__inner\" data-anim=\"img-right -cover-dark-1\"><div class=\"bg-image js-lazy\" data-bg=\"https:\/\/oliviaho.com\/wp-content\/uploads\/2022\/01\/AB_canevas3-scaled.jpg\"><\/div><\/div><\/div><div class=\"portfolioCard__content\"><p class=\"portfolioCard__category text-light mb-8\"><span class=\"cat-divider\">Emballage  <\/span><\/p><h3 class=\"portfolioCard__title text-2xl fw-600 text-white\">Atelier Bergeville<\/h3><\/div><a class=\"portfolioCard__link\" data-barba href=\"https:\/\/oliviaho.com\/fr\/portfolio\/atelierb\/\"><\/a><\/div><\/div><\/div><\/div><\/div><\/div><\/div><div class=\"wpb_column vc_column_container vc_col-sm-1\"><div class=\"vc_column-inner\"><div class=\"wpb_wrapper\"><\/div><\/div><\/div><\/div><\/div><\/div><\/section><div class=\"clear\"><\/div>","protected":false},"excerpt":{"rendered":"::ContextHighlighting AuthenticityDomaine Bergeville has been creating quality sparkling wine for over a decade in North Hatley, Quebec. Their products are made with...","protected":false},"author":1,"featured_media":0,"parent":0,"menu_order":9,"comment_status":"closed","ping_status":"closed","template":"","meta":{"footnotes":""},"class_list":["post-45","page","type-page","status-publish","hentry"],"aioseo_notices":[],"_links":{"self":[{"href":"https:\/\/oliviaho.com\/fr\/wp-json\/wp\/v2\/pages\/45","targetHints":{"allow":["GET"]}}],"collection":[{"href":"https:\/\/oliviaho.com\/fr\/wp-json\/wp\/v2\/pages"}],"about":[{"href":"https:\/\/oliviaho.com\/fr\/wp-json\/wp\/v2\/types\/page"}],"author":[{"embeddable":true,"href":"https:\/\/oliviaho.com\/fr\/wp-json\/wp\/v2\/users\/1"}],"replies":[{"embeddable":true,"href":"https:\/\/oliviaho.com\/fr\/wp-json\/wp\/v2\/comments?post=45"}],"version-history":[{"count":69,"href":"https:\/\/oliviaho.com\/fr\/wp-json\/wp\/v2\/pages\/45\/revisions"}],"predecessor-version":[{"id":540,"href":"https:\/\/oliviaho.com\/fr\/wp-json\/wp\/v2\/pages\/45\/revisions\/540"}],"wp:attachment":[{"href":"https:\/\/oliviaho.com\/fr\/wp-json\/wp\/v2\/media?parent=45"}],"curies":[{"name":"wp","href":"https:\/\/api.w.org\/{rel}","templated":true}]}}